{"id":6346,"date":"2019-02-24T22:25:13","date_gmt":"2019-02-24T19:25:13","guid":{"rendered":"http:\/\/www.arktrade.com.tr\/?page_id=6346"},"modified":"2019-05-15T11:56:57","modified_gmt":"2019-05-15T08:56:57","slug":"our-products","status":"publish","type":"page","link":"https:\/\/www.arktrade.com.tr\/en\/our-products\/","title":{"rendered":"Our Products"},"content":{"rendered":"<p>[vc_row content_width=&#8221;grid&#8221; content_aligment=&#8221;center&#8221; css=&#8221;.vc_custom_1446198207935{padding-top: 65px !important;padding-bottom: 65px !important;}&#8221;][vc_column offset=&#8221;vc_col-lg-offset-2 vc_col-lg-8&#8243;][vc_column_text]<\/p>\n<h2>Your connection to the world market<\/h2>\n<p>[\/vc_column_text][vc_empty_space height=&#8221;16px&#8221;][vc_column_text]<\/p>\n<div class=\"tlid-input input\">\n<div class=\"source-wrap\">\n<div class=\"input-full-height-wrapper tlid-input-full-height-wrapper\">\n<div class=\"source-input\">\n<div class=\"source-footer-wrap source-or-target-footer\">\n<div class=\"character-count tlid-character-count\">\n<div class=\"cc-ctr normal\">The product groups we provide within the scope of <strong>Ark Seramik \u0130n\u015faat Maden Dan\u0131\u015fmanl\u0131k<\/strong> are as follows:<\/div>\n<\/div>\n<\/div>\n<\/div>\n<\/div>\n<\/div>\n<\/div>\n<p>[\/vc_column_text][\/vc_column][\/vc_row][vc_row content_width=&#8221;grid&#8221; css=&#8221;.vc_custom_1446198201288{padding-bottom: 30px !important;}&#8221;][vc_column width=&#8221;1\/3&#8243;][vc_column_text]\n<span class=\"qodef-dropcaps qodef-square\" style=\"color: b2dd4c;background-color: #212121\">\n\tR<\/span>AW MATERIALS[\/vc_column_text][vc_single_image image=&#8221;6395&#8243; img_size=&#8221;full&#8221; onclick=&#8221;custom_link&#8221; link=&#8221;http:\/\/www.arktrade.com.tr\/en\/raw-materials\/&#8221;][vc_empty_space height=&#8221;40px&#8221;][\/vc_column][vc_column width=&#8221;1\/3&#8243;][vc_column_text]\n<span class=\"qodef-dropcaps qodef-square\" style=\"color: #ffffff;background-color: #b2dd4c\">\n\tA<\/span>UXILIARY SUPPLIES[\/vc_column_text][vc_single_image image=&#8221;6396&#8243; img_size=&#8221;full&#8221; onclick=&#8221;custom_link&#8221; link=&#8221;http:\/\/www.arktrade.com.tr\/en\/auxiliary-consumables\/&#8221;][vc_empty_space height=&#8221;40px&#8221;][\/vc_column][vc_column width=&#8221;1\/3&#8243;][vc_column_text]\n<span class=\"qodef-dropcaps qodef-square\" style=\"color: #ffffff;background-color: #212121\">\n\tM<\/span>ACHINES,EQUIPMENT AND SPARE PARTS[\/vc_column_text][vc_single_image image=&#8221;6397&#8243; img_size=&#8221;full&#8221; onclick=&#8221;custom_link&#8221; link=&#8221;http:\/\/www.arktrade.com.tr\/en\/machinery-equipment-spare-parts\/&#8221;][vc_empty_space height=&#8221;40px&#8221;][\/vc_column][\/vc_row]<\/p>\n","protected":false},"excerpt":{"rendered":"<p>[vc_row content_width=&#8221;grid&#8221; content_aligment=&#8221;center&#8221; css=&#8221;.vc_custom_1446198207935{padding-top: 65px !important;padding-bottom: 65px !important;}&#8221;][vc_column offset=&#8221;vc_col-lg-offset-2 vc_col-lg-8&#8243;][vc_column_text] Your connection to the world market [\/vc_column_text][vc_empty_space height=&#8221;16px&#8221;][vc_column_text] The product groups&#8230;<\/p>\n","protected":false},"author":1,"featured_media":0,"parent":0,"menu_order":0,"comment_status":"closed","ping_status":"closed","template":"full-width.php","meta":{"_monsterinsights_skip_tracking":false,"_monsterinsights_sitenote_active":false,"_monsterinsights_sitenote_note":"","_monsterinsights_sitenote_category":0,"footnotes":""},"class_list":["post-6346","page","type-page","status-publish","hentry"],"_links":{"self":[{"href":"https:\/\/www.arktrade.com.tr\/en\/wp-json\/wp\/v2\/pages\/6346","targetHints":{"allow":["GET"]}}],"collection":[{"href":"https:\/\/www.arktrade.com.tr\/en\/wp-json\/wp\/v2\/pages"}],"about":[{"href":"https:\/\/www.arktrade.com.tr\/en\/wp-json\/wp\/v2\/types\/page"}],"author":[{"embeddable":true,"href":"https:\/\/www.arktrade.com.tr\/en\/wp-json\/wp\/v2\/users\/1"}],"replies":[{"embeddable":true,"href":"https:\/\/www.arktrade.com.tr\/en\/wp-json\/wp\/v2\/comments?post=6346"}],"version-history":[{"count":5,"href":"https:\/\/www.arktrade.com.tr\/en\/wp-json\/wp\/v2\/pages\/6346\/revisions"}],"predecessor-version":[{"id":6399,"href":"https:\/\/www.arktrade.com.tr\/en\/wp-json\/wp\/v2\/pages\/6346\/revisions\/6399"}],"wp:attachment":[{"href":"https:\/\/www.arktrade.com.tr\/en\/wp-json\/wp\/v2\/media?parent=6346"}],"curies":[{"name":"wp","href":"https:\/\/api.w.org\/{rel}","templated":true}]}}