{"id":598,"date":"2015-10-22T10:42:14","date_gmt":"2015-10-22T07:42:14","guid":{"rendered":"http:\/\/startit.select-themes.com\/?page_id=598"},"modified":"2019-05-15T12:07:20","modified_gmt":"2019-05-15T09:07:20","slug":"contact","status":"publish","type":"page","link":"https:\/\/www.arktrade.com.tr\/en\/contact\/","title":{"rendered":"Contact"},"content":{"rendered":"<p>[vc_row content_width=&#8221;grid&#8221; content_aligment=&#8221;center&#8221; css=&#8221;.vc_custom_1445509827249{padding-top: 57px !important;padding-bottom: 66px !important;}&#8221;][vc_column][vc_column_text]<\/p>\n<h2>Contact Us<\/h2>\n<p>[\/vc_column_text][vc_empty_space height=&#8221;20px&#8221;][vc_column_text css=&#8221;.vc_custom_1557910745572{padding-right: 16% !important;padding-left: 16% !important;}&#8221;]You can contact us by filling in the following information[\/vc_column_text][\/vc_column][\/vc_row][vc_row content_width=&#8221;grid&#8221; css=&#8221;.vc_custom_1445592505862{padding-bottom: 20px !important;}&#8221;][vc_column offset=&#8221;vc_col-lg-6 vc_col-md-6&#8243;]\n<div class=\"wpcf7 no-js\" id=\"wpcf7-f6350-o1\" lang=\"tr-TR\" dir=\"ltr\" data-wpcf7-id=\"6350\">\n<div class=\"screen-reader-response\"><p role=\"status\" aria-live=\"polite\" aria-atomic=\"true\"><\/p> <ul><\/ul><\/div>\n<form action=\"\/en\/wp-json\/wp\/v2\/pages\/598#wpcf7-f6350-o1\" method=\"post\" class=\"wpcf7-form init\" aria-label=\"\u0130leti\u015fim Formu\" novalidate=\"novalidate\" data-status=\"init\">\n<fieldset class=\"hidden-fields-container\"><input type=\"hidden\" name=\"_wpcf7\" value=\"6350\" \/><input type=\"hidden\" name=\"_wpcf7_version\" value=\"6.1.5\" \/><input type=\"hidden\" name=\"_wpcf7_locale\" value=\"tr_TR\" \/><input type=\"hidden\" name=\"_wpcf7_unit_tag\" value=\"wpcf7-f6350-o1\" \/><input type=\"hidden\" name=\"_wpcf7_container_post\" value=\"0\" \/><input type=\"hidden\" name=\"_wpcf7_posted_data_hash\" value=\"\" \/>\n<\/fieldset>\n<p><label> Name Surname (required)<br \/>\n<span class=\"wpcf7-form-control-wrap\" data-name=\"your-name\"><input size=\"40\" maxlength=\"400\" class=\"wpcf7-form-control wpcf7-text wpcf7-validates-as-required\" aria-required=\"true\" aria-invalid=\"false\" value=\"\" type=\"text\" name=\"your-name\" \/><\/span> <\/label>\n<\/p>\n<p><label> E-mail Address (required)<br \/>\n<span class=\"wpcf7-form-control-wrap\" data-name=\"your-email\"><input size=\"40\" maxlength=\"400\" class=\"wpcf7-form-control wpcf7-email wpcf7-validates-as-required wpcf7-text wpcf7-validates-as-email\" aria-required=\"true\" aria-invalid=\"false\" value=\"\" type=\"email\" name=\"your-email\" \/><\/span> <\/label>\n<\/p>\n<p><label> Subject<br \/>\n<span class=\"wpcf7-form-control-wrap\" data-name=\"your-subject\"><input size=\"40\" maxlength=\"400\" class=\"wpcf7-form-control wpcf7-text\" aria-invalid=\"false\" value=\"\" type=\"text\" name=\"your-subject\" \/><\/span> <\/label>\n<\/p>\n<p><label> Message<br \/>\n<span class=\"wpcf7-form-control-wrap\" data-name=\"your-message\"><textarea cols=\"40\" rows=\"10\" maxlength=\"2000\" class=\"wpcf7-form-control wpcf7-textarea\" aria-invalid=\"false\" name=\"your-message\"><\/textarea><\/span> <\/label>\n<\/p>\n<p><input class=\"wpcf7-form-control wpcf7-submit has-spinner\" type=\"submit\" value=\"Send\" \/>\n<\/p><p style=\"display: none !important;\" class=\"akismet-fields-container\" data-prefix=\"_wpcf7_ak_\"><label>&#916;<textarea name=\"_wpcf7_ak_hp_textarea\" cols=\"45\" rows=\"8\" maxlength=\"100\"><\/textarea><\/label><input type=\"hidden\" id=\"ak_js_1\" name=\"_wpcf7_ak_js\" value=\"47\"\/><script>document.getElementById( \"ak_js_1\" ).setAttribute( \"value\", ( new Date() ).getTime() );<\/script><\/p><div class=\"wpcf7-response-output\" aria-hidden=\"true\"><\/div>\n<\/form>\n<\/div>\n[vc_empty_space height=&#8221;50px&#8221;][\/vc_column][vc_column offset=&#8221;vc_col-lg-6 vc_col-md-6&#8243;]<div class=\"qodef-iwt clearfix qodef-iwt-left-from-title qodef-iwt-icon-tiny\">\n    <div class=\"qodef-iwt-content-holder\">\n        <div class=\"qodef-iwt-icon-title-holder\">\n            <div class=\"qodef-iwt-icon-holder\">\n                                    \n    <span class=\"qodef-icon-shortcode circle\" style=\"margin: 0;width: 37px;height: 37px;line-height: 37px\" data-hover-background-color=\"#979797\">\n        \n        <i class=\"qodef-icon-simple-line-icon icon-pin qodef-icon-element\" style=\"font-size:14px\" ><\/i>\n            <\/span>\n\n                            <\/div>\n                            <div class=\"qodef-iwt-title-holder\">\n                    <h4 >ADDRESS<\/h4>\n                 <\/div>\n                    <\/div>\n        <div class=\"qodef-iwt-text-holder\">\n            <p style=\"color: #a2a2a2\">\u00c7ank\u0131r\u0131 Caddesi Vak\u0131f i\u015f Han\u0131 67 \/ K5 D8 Alt\u0131nda\u011f Ankara Turkey<\/p>\n\n                    <\/div>\n    <\/div>\n<\/div>[vc_row_inner css=&#8221;.vc_custom_1548273068179{padding-top: 15px !important;}&#8221;][vc_column_inner offset=&#8221;vc_col-lg-6 vc_col-md-12&#8243;]<div class=\"qodef-iwt clearfix qodef-iwt-left-from-title qodef-iwt-icon-tiny\">\n    <div class=\"qodef-iwt-content-holder\">\n        <div class=\"qodef-iwt-icon-title-holder\">\n            <div class=\"qodef-iwt-icon-holder\">\n                                    \n    <span class=\"qodef-icon-shortcode circle\" style=\"width: 37px;height: 37px;line-height: 37px\" data-hover-background-color=\"#979797\">\n        \n        <i class=\"qodef-icon-simple-line-icon icon-phone qodef-icon-element\" style=\"font-size:14px\" ><\/i>\n            <\/span>\n\n                            <\/div>\n                            <div class=\"qodef-iwt-title-holder\">\n                    <h4 >PHONE<\/h4>\n                 <\/div>\n                    <\/div>\n        <div class=\"qodef-iwt-text-holder\">\n            <p style=\"color: #a2a2a2\">+905322428592 - +903123123636<\/p>\n\n                    <\/div>\n    <\/div>\n<\/div>[vc_empty_space height=&#8221;20px&#8221;][\/vc_column_inner][vc_column_inner offset=&#8221;vc_col-lg-6 vc_col-md-12&#8243;]<div class=\"qodef-iwt clearfix qodef-iwt-left-from-title qodef-iwt-icon-tiny\">\n    <div class=\"qodef-iwt-content-holder\">\n        <div class=\"qodef-iwt-icon-title-holder\">\n            <div class=\"qodef-iwt-icon-holder\">\n                                    \n    <span class=\"qodef-icon-shortcode circle\" style=\"width: 37px;height: 37px;line-height: 37px\" data-hover-background-color=\"#979797\">\n        \n        <i class=\"qodef-icon-simple-line-icon icon-envelope qodef-icon-element\" style=\"font-size:14px\" ><\/i>\n            <\/span>\n\n                            <\/div>\n                            <div class=\"qodef-iwt-title-holder\">\n                    <h4 >E-MAIL<\/h4>\n                 <\/div>\n                    <\/div>\n        <div class=\"qodef-iwt-text-holder\">\n            <p style=\"color: #a2a2a2\">info@arktrade.com.tr<\/p>\n\n                    <\/div>\n    <\/div>\n<\/div>[vc_empty_space height=&#8221;20px&#8221;][\/vc_column_inner][\/vc_row_inner][vc_empty_space height=&#8221;33px&#8221;][vc_raw_html]JTNDaWZyYW1lJTIwc3JjJTNEJTIyaHR0cHMlM0ElMkYlMkZ3d3cuZ29vZ2xlLmNvbSUyRm1hcHMlMkZlbWJlZCUzRnBiJTNEJTIxMW0xOCUyMTFtMTIlMjExbTMlMjExZDMwNTguNjMxOTEyNzUzNTU1OCUyMTJkMzIuODU0ODI0MDAxMDQ2NDIlMjEzZDM5Ljk0OTYyMjQyOTMyMTEyJTIxMm0zJTIxMWYwJTIxMmYwJTIxM2YwJTIxM20yJTIxMWkxMDI0JTIxMmk3NjglMjE0ZjEzLjElMjEzbTMlMjExbTIlMjExczB4MCUyNTNBMHhlMjNiOWE2ZmZhNDgwYWRjJTIxMnp3NGRoeEo5a1ljV2ZJRUYySUUxaGJIcGxiV1ZzWlhKcCUyMTVlMCUyMTNtMiUyMTFzdHIlMjEyc3RyJTIxNHYxNTQ4MjczNTI2NTcwJTIyJTIwd2lkdGglM0QlMjI2MDAlMjIlMjBoZWlnaHQlM0QlMjI0NTAlMjIlMjBmcmFtZWJvcmRlciUzRCUyMjAlMjIlMjBzdHlsZSUzRCUyMmJvcmRlciUzQTAlMjIlMjBhbGxvd2Z1bGxzY3JlZW4lM0UlM0MlMkZpZnJhbWUlM0U=[\/vc_raw_html][\/vc_column][\/vc_row]<\/p>\n","protected":false},"excerpt":{"rendered":"<p>[vc_row content_width=&#8221;grid&#8221; content_aligment=&#8221;center&#8221; css=&#8221;.vc_custom_1445509827249{padding-top: 57px !important;padding-bottom: 66px !important;}&#8221;][vc_column][vc_column_text] Contact Us [\/vc_column_text][vc_empty_space height=&#8221;20px&#8221;][vc_column_text css=&#8221;.vc_custom_1557910745572{padding-right: 16% !important;padding-left: 16% !important;}&#8221;]You can contact us by&#8230;<\/p>\n","protected":false},"author":1,"featured_media":0,"parent":0,"menu_order":0,"comment_status":"closed","ping_status":"closed","template":"full-width.php","meta":{"_monsterinsights_skip_tracking":false,"_monsterinsights_sitenote_active":false,"_monsterinsights_sitenote_note":"","_monsterinsights_sitenote_category":0,"footnotes":""},"class_list":["post-598","page","type-page","status-publish","hentry"],"_links":{"self":[{"href":"https:\/\/www.arktrade.com.tr\/en\/wp-json\/wp\/v2\/pages\/598","targetHints":{"allow":["GET"]}}],"collection":[{"href":"https:\/\/www.arktrade.com.tr\/en\/wp-json\/wp\/v2\/pages"}],"about":[{"href":"https:\/\/www.arktrade.com.tr\/en\/wp-json\/wp\/v2\/types\/page"}],"author":[{"embeddable":true,"href":"https:\/\/www.arktrade.com.tr\/en\/wp-json\/wp\/v2\/users\/1"}],"replies":[{"embeddable":true,"href":"https:\/\/www.arktrade.com.tr\/en\/wp-json\/wp\/v2\/comments?post=598"}],"version-history":[{"count":5,"href":"https:\/\/www.arktrade.com.tr\/en\/wp-json\/wp\/v2\/pages\/598\/revisions"}],"predecessor-version":[{"id":6404,"href":"https:\/\/www.arktrade.com.tr\/en\/wp-json\/wp\/v2\/pages\/598\/revisions\/6404"}],"wp:attachment":[{"href":"https:\/\/www.arktrade.com.tr\/en\/wp-json\/wp\/v2\/media?parent=598"}],"curies":[{"name":"wp","href":"https:\/\/api.w.org\/{rel}","templated":true}]}}